{"id":319,"date":"2021-06-20T18:44:04","date_gmt":"2021-06-20T18:44:04","guid":{"rendered":"http:\/\/www.dobrainformatica.com\/?page_id=319"},"modified":"2025-09-15T16:37:53","modified_gmt":"2025-09-15T15:37:53","slug":"politica-de-privacidad","status":"publish","type":"page","link":"https:\/\/www.dobrainformatica.com\/index.php\/politica-de-privacidad\/","title":{"rendered":"Pol\u00edtica de privacidad"},"content":{"rendered":"\n<h2 class=\"wp-block-heading\"><a>Aviso Legal<\/a><\/h2>\n\n\n\n<p><strong>INFORMACI\u00d3N GENERAL<\/strong><\/p>\n\n\n\n<p>El titular del sitio web www.dobrainformatica.com es DOBRA INFORMATICA S.L. con NIF B39473327 y domicilio sito en CALLE FELISA CAMPUZANO 20 B 39400 LOS CORRALES DE BUELNA CANTABRIA. La entidad se encuentra inscrita en el <strong>Registro Mercantil de Santander con los siguientes datos de inscripci\u00f3n 1: TOMO: 699, LIBRO: 0, FOLIO: 11, SECCI\u00d3N: 8, HOJA: S-10683.<\/strong><\/p>\n\n\n\n<p>Con \u00e1nimo de que el uso del sitio web se ajuste a criterios de transparencia, claridad y sencillez, DOBRA INFORMATICA S.L. informa al usuario que cualquier sugerencia, duda o consulta sobre el presente Aviso Legal o cualquier otro documento informativo del sitio web ser\u00e1 recibida y solucionada contactando con DOBRA INFORMATICA S.L. a trav\u00e9s de la direcci\u00f3n de correo electr\u00f3nica: dobrainformatica@dobrainformatica.com<\/p>\n\n\n\n<p><strong>PROPIEDAD INTELECTUAL<\/strong><\/p>\n\n\n\n<p>Todos los contenidos que se muestran en el presente sitio web, y en especial dise\u00f1os, textos, im\u00e1genes, logos, iconos, nombres comerciales, marcas o cualquier otra informaci\u00f3n susceptible de utilizaci\u00f3n industrial y\/o comercial est\u00e1n protegidos por los correspondientes derechos de autor, no permitiendo su reproducci\u00f3n, transmisi\u00f3n o registro de informaci\u00f3n salvo autorizaci\u00f3n previa del titular, DOBRA INFORMATICA S.L.. No obstante, el usuario podr\u00e1 utilizar informaci\u00f3n facilitada para gestionar su pedido y los datos de contacto correspondientes.<\/p>\n\n\n\n<p><strong>ENLACES<\/strong><\/p>\n\n\n\n<p>DOBRA INFORMATICA S.L. no asume ninguna responsabilidad sobre los enlaces hac\u00eda otros sitios o p\u00e1ginas web que, en su caso, pudieran incluirse en el mismo, ya que no tiene ning\u00fan tipo de control sobre los mismos, por lo que el usuario accede bajo su exclusiva responsabilidad al contenido y en las condiciones de uso que rijan en los mismos.<\/p>\n\n\n\n<p><strong>Redes sociales (web)<\/strong><\/p>\n\n\n\n<p>De conformidad con lo establecido por las normativas vigentes en materia de protecci\u00f3n de datos, DOBRA INFORMATICA S.L. es el responsable del tratamiento de la informaci\u00f3n que se trate a trav\u00e9s de su perfil en la presente red social, le invitamos a conocer nuestra Pol\u00edtica de Privacidad que podr\u00e1 consultar en www.dobrainformatica.com<\/p>\n","protected":false},"excerpt":{"rendered":"<div class=\"mh-excerpt\"><p>Aviso Legal INFORMACI\u00d3N GENERAL El titular del sitio web www.dobrainformatica.com es DOBRA INFORMATICA S.L. con NIF B39473327 y domicilio sito en CALLE FELISA CAMPUZANO 20 <a class=\"mh-excerpt-more\" href=\"https:\/\/www.dobrainformatica.com\/index.php\/politica-de-privacidad\/\" title=\"Pol\u00edtica de privacidad\">[&#8230;]<\/a><\/p>\n<\/div>","protected":false},"author":1,"featured_media":0,"parent":0,"menu_order":8,"comment_status":"closed","ping_status":"closed","template":"template-full.php","meta":{"footnotes":""},"class_list":["post-319","page","type-page","status-publish","hentry"],"_links":{"self":[{"href":"https:\/\/www.dobrainformatica.com\/index.php\/wp-json\/wp\/v2\/pages\/319","targetHints":{"allow":["GET"]}}],"collection":[{"href":"https:\/\/www.dobrainformatica.com\/index.php\/wp-json\/wp\/v2\/pages"}],"about":[{"href":"https:\/\/www.dobrainformatica.com\/index.php\/wp-json\/wp\/v2\/types\/page"}],"author":[{"embeddable":true,"href":"https:\/\/www.dobrainformatica.com\/index.php\/wp-json\/wp\/v2\/users\/1"}],"replies":[{"embeddable":true,"href":"https:\/\/www.dobrainformatica.com\/index.php\/wp-json\/wp\/v2\/comments?post=319"}],"version-history":[{"count":2,"href":"https:\/\/www.dobrainformatica.com\/index.php\/wp-json\/wp\/v2\/pages\/319\/revisions"}],"predecessor-version":[{"id":340,"href":"https:\/\/www.dobrainformatica.com\/index.php\/wp-json\/wp\/v2\/pages\/319\/revisions\/340"}],"wp:attachment":[{"href":"https:\/\/www.dobrainformatica.com\/index.php\/wp-json\/wp\/v2\/media?parent=319"}],"curies":[{"name":"wp","href":"https:\/\/api.w.org\/{rel}","templated":true}]}}