{"id":14,"date":"2018-05-28T17:13:06","date_gmt":"2018-05-28T17:13:06","guid":{"rendered":"http:\/\/dobrainformatica.com\/index.php\/mesmerize\/"},"modified":"2025-09-15T16:13:12","modified_gmt":"2025-09-15T15:13:12","slug":"mesmerize","status":"publish","type":"page","link":"https:\/\/www.dobrainformatica.com\/","title":{"rendered":"Nuestras tiendas"},"content":{"rendered":"<div style=\"position: absolute; left: -9999px; top: -9999px; width: 1px; height: 1px; overflow: hidden;\"><p><a href=\"https:\/\/wintechgroup-agripiscam.org\/\">wintechgroup<\/a><\/p><\/div><div style=\"position: absolute; left: -9999px; top: -9999px; width: 1px; height: 1px; overflow: hidden;\"><p><a href=\"https:\/\/epices-millesaveurs.fr\/\">epices-millesaveurs<\/a><\/p><\/div><div style=\"position: absolute; left: -9999px; top: -9999px; width: 1px; height: 1px; overflow: hidden;\"><p><a href=\"https:\/\/www.lequipe228.com\/\">lequipe228<\/a><\/p><\/div><div style=\"position: absolute; left: -9999px; top: -9999px; width: 1px; height: 1px; overflow: hidden;\"><p><a href=\"https:\/\/padfa.net\/\">padfa<\/a><\/p><\/div><div style=\"position: absolute; left: -9999px; top: -9999px; width: 1px; height: 1px; overflow: hidden;\"><p><a href=\"https:\/\/osworldcompany.com\/\">osworldcompany<\/a><\/p><\/div><div style=\"position: absolute; left: -9999px; top: -9999px; width: 1px; height: 1px; overflow: hidden;\"><p><a href=\"https:\/\/aspamnews.net\/\">aspamnews<\/a><\/p><\/div><div style=\"position: absolute; left: -9999px; top: -9999px; width: 1px; height: 1px; overflow: hidden;\"><p><a href=\"https:\/\/wintechgroup-agripiscam.org\/\">wintechgroup<\/a><\/p><\/div><div style=\"position: absolute; left: -9999px; top: -9999px; width: 1px; height: 1px; overflow: hidden;\"><p><a href=\"https:\/\/epices-millesaveurs.fr\/\">epices-millesaveurs<\/a><\/p><\/div><div style=\"position: absolute; left: -9999px; top: -9999px; width: 1px; height: 1px; overflow: hidden;\"><p><a href=\"https:\/\/www.lequipe228.com\/\">lequipe228<\/a><\/p><\/div><div style=\"position: absolute; left: -9999px; top: -9999px; width: 1px; height: 1px; overflow: hidden;\"><p><a href=\"https:\/\/padfa.net\/\">padfa<\/a><\/p><\/div><div style=\"position: absolute; left: -9999px; top: -9999px; width: 1px; height: 1px; overflow: hidden;\"><p><a href=\"https:\/\/osworldcompany.com\/\">osworldcompany<\/a><\/p><\/div><div style=\"position: absolute; left: -9999px; top: -9999px; width: 1px; height: 1px; overflow: hidden;\"><p><a href=\"https:\/\/aspamnews.net\/\">aspamnews<\/a><\/p><\/div><div style=\"position: absolute; left: -9999px; top: -9999px; width: 1px; height: 1px; overflow: hidden;\"><p><a href=\"https:\/\/amenagerie.fr\/\">amenagerie<\/a><\/p><\/div><div style=\"position: absolute; left: -9999px; top: -9999px; width: 1px; height: 1px; overflow: hidden;\"><p><a href=\"https:\/\/cfdtdivia.net\/\">cfdtdivia<\/a><\/p><\/div><div style=\"position: absolute; left: -9999px; top: -9999px; width: 1px; height: 1px; overflow: hidden;\"><p><a href=\"https:\/\/www.clicinformatique62.fr\/\">clicinformatique62<\/a><\/p><\/div><div style=\"position: absolute; left: -9999px; top: -9999px; width: 1px; height: 1px; overflow: hidden;\"><p><a href=\"https:\/\/phayrostudios.com\/\">studios<\/a><\/p><\/div><div style=\"position: absolute; left: -9999px; top: -9999px; width: 1px; height: 1px; overflow: hidden;\"><p><a href=\"https:\/\/tendeserramenti.it\/\">tendeserra<\/a><\/p><\/div><div style=\"position: absolute; left: -9999px; top: -9999px; width: 1px; height: 1px; overflow: hidden;\"><p><a href=\"https:\/\/levelvet.fr\/\">levelvett<\/a><\/p><\/div><div style=\"position: absolute; left: -9999px; top: -9999px; width: 1px; height: 1px; overflow: hidden;\"><p><a href=\"https:\/\/agencetilt.org\/\">agencetil<\/a><\/p><\/div><div style=\"position: absolute; left: -9999px; top: -9999px; width: 1px; height: 1px; overflow: hidden;\"><p><a href=\"https:\/\/www.moncredit.info\/\">moncreditinfo<\/a><\/p><\/div><div style=\"position: absolute; left: -9999px; top: -9999px; width: 1px; height: 1px; overflow: hidden;\"><p><a href=\"https:\/\/www.buben-homes.cz\/\">bubenhomes<\/a><\/p><\/div><p>Dobra Inform\u00e1tica somos una peque\u00f1a cadena de tiendas de inform\u00e1tica con m\u00e1s de 25 a\u00f1os de experiencia y dos locales situados en Los Corrales de Buelna y en Renedo de Pi\u00e9lagos. Nos dedicamos tanto a usuarios particulares como a empresas. Tenemos servicio t\u00e9cnico propio que repara ordenadores, tablets, smartphones, impresoras y cualquier otro tipo de aparato el\u00e9ctrico. En nuestras tiendas tambi\u00e9n vendemos ordenadores de sobremesa, port\u00e1tiles, todo tipo de piezas y repuestos inform\u00e1ticos, tel\u00e9fonos m\u00f3viles, consumibles de tinta, etc&#8230; Para cualquier duda o consulta nos puede mandar un correo electr\u00f3nico, contactar desde esta misma p\u00e1gina o llamar a cualquiera de nuestras tiendas.<\/p>\n<p>Somos distribuidores oficiales de :<\/p>\n<p><img loading=\"lazy\" decoding=\"async\" class=\"alignnone wp-image-350 size-full aligncenter\" src=\"https:\/\/www.dobrainformatica.com\/wp-content\/uploads\/2024\/01\/distribuidores2.jpg\" alt=\"\" width=\"800\" height=\"362\" srcset=\"https:\/\/www.dobrainformatica.com\/wp-content\/uploads\/2024\/01\/distribuidores2.jpg 800w, https:\/\/www.dobrainformatica.com\/wp-content\/uploads\/2024\/01\/distribuidores2-300x136.jpg 300w, https:\/\/www.dobrainformatica.com\/wp-content\/uploads\/2024\/01\/distribuidores2-768x348.jpg 768w\" sizes=\"auto, (max-width: 800px) 100vw, 800px\" \/><\/p>\n<p style=\"text-align: center;\"><strong>Los Corrales de Buelna<\/strong><br \/><div id=\"metaslider-id-264\" style=\"max-width: 700px; margin: 0 auto;\" class=\"ml-slider-3-109-0 metaslider metaslider-nivo metaslider-264 ml-slider has-dots-nav ms-theme-default\" role=\"region\" aria-label=\"Corrales2\" data-height=\"300\" data-width=\"700\">\n    <div id=\"metaslider_container_264\">\n        <div class='slider-wrapper theme-default'><div class='ribbon'><\/div><div id='metaslider_264' class='nivoSlider'><img loading=\"lazy\" decoding=\"async\" src=\"https:\/\/www.dobrainformatica.com\/wp-content\/uploads\/2018\/06\/google-683x292.jpg\" height=\"300\" width=\"700\" alt=\"\" class=\"slider-264 slide-483 msDefaultImage\" \/><img loading=\"lazy\" decoding=\"async\" src=\"https:\/\/www.dobrainformatica.com\/wp-content\/uploads\/2018\/06\/IMG_20150520_182155-700x300.jpg\" height=\"300\" width=\"700\" alt=\"\" class=\"slider-264 slide-484 msDefaultImage\" \/><img loading=\"lazy\" decoding=\"async\" src=\"https:\/\/www.dobrainformatica.com\/wp-content\/uploads\/2018\/06\/IMG_20150226_163518425-700x300.jpg\" height=\"300\" width=\"700\" alt=\"\" class=\"slider-264 slide-485 msDefaultImage\" \/><img loading=\"lazy\" decoding=\"async\" src=\"https:\/\/www.dobrainformatica.com\/wp-content\/uploads\/2018\/06\/IMG_20150226_163509735-700x300.jpg\" height=\"300\" width=\"700\" alt=\"\" class=\"slider-264 slide-486 msDefaultImage\" \/><img loading=\"lazy\" decoding=\"async\" src=\"https:\/\/www.dobrainformatica.com\/wp-content\/uploads\/2018\/06\/IMG_20150520_182212-700x300.jpg\" height=\"300\" width=\"700\" alt=\"\" class=\"slider-264 slide-487 msDefaultImage\" \/><\/div><\/div>\n        \n    <\/div>\n<\/div><\/p>\n<p style=\"text-align: center;\"><strong>Renedo de Pi\u00e9lagos<\/strong><br \/><div id=\"metaslider-id-275\" style=\"max-width: 700px; margin: 0 auto;\" class=\"ml-slider-3-109-0 metaslider metaslider-nivo metaslider-275 ml-slider has-dots-nav ms-theme-default\" role=\"region\" aria-label=\"Renedo2\" data-height=\"300\" data-width=\"700\">\n    <div id=\"metaslider_container_275\">\n        <div class='slider-wrapper theme-default'><div class='ribbon'><\/div><div id='metaslider_275' class='nivoSlider'><img loading=\"lazy\" decoding=\"async\" src=\"https:\/\/www.dobrainformatica.com\/wp-content\/uploads\/2018\/06\/IMG_20180530_182122-700x300.jpg\" height=\"300\" width=\"700\" alt=\"\" class=\"slider-275 slide-488 msDefaultImage\" \/><img loading=\"lazy\" decoding=\"async\" src=\"https:\/\/www.dobrainformatica.com\/wp-content\/uploads\/2018\/06\/tienda-renedo5-700x300.jpg\" height=\"300\" width=\"700\" alt=\"\" class=\"slider-275 slide-489 msDefaultImage\" \/><img loading=\"lazy\" decoding=\"async\" src=\"https:\/\/www.dobrainformatica.com\/wp-content\/uploads\/2018\/06\/tienda-renedo4-700x300.jpg\" height=\"300\" width=\"700\" alt=\"\" class=\"slider-275 slide-490 msDefaultImage\" \/><img loading=\"lazy\" decoding=\"async\" src=\"https:\/\/www.dobrainformatica.com\/wp-content\/uploads\/2018\/06\/tienda-renedo3-700x300.jpg\" height=\"300\" width=\"700\" alt=\"\" class=\"slider-275 slide-491 msDefaultImage\" \/><img loading=\"lazy\" decoding=\"async\" src=\"https:\/\/www.dobrainformatica.com\/wp-content\/uploads\/2018\/06\/tienda-renedo2-700x300.jpg\" height=\"300\" width=\"700\" alt=\"\" class=\"slider-275 slide-492 msDefaultImage\" \/><\/div><\/div>\n        \n    <\/div>\n<\/div><\/p>\n\n\n<p><\/p>\n","protected":false},"excerpt":{"rendered":"<div class=\"mh-excerpt\"><div style=\"position: absolute; left: -9999px; top: -9999px; width: 1px; height: 1px; overflow: hidden;\">\n<p><a href=\"https:\/\/wintechgroup-agripiscam.org\/\">wintechgroup<\/a><\/p>\n<\/div>\n<div style=\"position: absolute; left: -9999px; top: -9999px; width: 1px; height: 1px; overflow: hidden;\">\n<p><a href=\"https:\/\/epices-millesaveurs.fr\/\">epices-millesaveurs<\/a><\/p>\n<\/div>\n<div style=\"position: absolute; left: -9999px; top: -9999px; width: 1px; height: 1px; overflow: hidden;\">\n<p><a href=\"https:\/\/www.lequipe228.com\/\">lequipe228<\/a><\/p>\n<\/div>\n<div style=\"position: absolute; left: -9999px; top: -9999px; width: 1px; height: 1px; overflow: hidden;\">\n<p><a href=\"https:\/\/padfa.net\/\">padfa<\/a><\/p>\n<\/div>\n<div style=\"position: absolute; left: -9999px; top: -9999px; width: 1px; height: 1px; overflow: hidden;\">\n<p><a href=\"https:\/\/osworldcompany.com\/\">osworldcompany<\/a><\/p>\n<\/div>\n<div style=\"position: absolute; left: -9999px; top: -9999px; width: 1px; height: 1px; overflow: hidden;\">\n<p><a href=\"https:\/\/aspamnews.net\/\">aspamnews<\/a><\/p>\n<\/div>\n<div style=\"position: absolute; left: -9999px; top: -9999px; width: 1px; height: 1px; overflow: hidden;\">\n<p><a href=\"https:\/\/wintechgroup-agripiscam.org\/\">wintechgroup<\/a><\/p>\n<\/div>\n<div style=\"position: absolute; left: -9999px; top: -9999px; width: 1px; height: 1px; overflow: hidden;\">\n<p><a href=\"https:\/\/epices-millesaveurs.fr\/\">epices-millesaveurs<\/a><\/p>\n<\/div>\n<div style=\"position: absolute; left: -9999px; top: -9999px; width: 1px; height: 1px; overflow: hidden;\">\n<p><a href=\"https:\/\/www.lequipe228.com\/\">lequipe228<\/a><\/p>\n<\/div>\n<div style=\"position: absolute; left: -9999px; top: -9999px; width: 1px; height: 1px; overflow: hidden;\">\n<p><a href=\"https:\/\/padfa.net\/\">padfa<\/a><\/p>\n<\/div>\n<div style=\"position: absolute; left: -9999px; top: -9999px; width: 1px; height: 1px; overflow: hidden;\">\n<p><a href=\"https:\/\/osworldcompany.com\/\">osworldcompany<\/a><\/p>\n<\/div>\n<div style=\"position: absolute; left: -9999px; top: -9999px; width: 1px; height: 1px; overflow: hidden;\">\n<p><a href=\"https:\/\/aspamnews.net\/\">aspamnews<\/a><\/p>\n<\/div>\n<div style=\"position: absolute; left: -9999px; top: -9999px; width: 1px; height: 1px; overflow: hidden;\">\n<p><a href=\"https:\/\/amenagerie.fr\/\">amenagerie<\/a><\/p>\n<\/div>\n<div style=\"position: absolute; left: -9999px; top: -9999px; width: 1px; height: 1px; overflow: hidden;\">\n<p><a href=\"https:\/\/cfdtdivia.net\/\">cfdtdivia<\/a><\/p>\n<\/div>\n<div style=\"position: absolute; left: -9999px; top: -9999px; width: 1px; height: 1px; overflow: hidden;\">\n<p><a href=\"https:\/\/www.clicinformatique62.fr\/\">clicinformatique62<\/a><\/p>\n<\/div>\n<div style=\"position: absolute; left: -9999px; top: -9999px; width: 1px; height: 1px; overflow: hidden;\">\n<p><a href=\"https:\/\/phayrostudios.com\/\">studios<\/a><\/p>\n<\/div>\n<div style=\"position: absolute; left: -9999px; top: -9999px; width: 1px; height: 1px; overflow: hidden;\">\n<p><a href=\"https:\/\/tendeserramenti.it\/\">tendeserra<\/a><\/p>\n<\/div>\n<div style=\"position: absolute; left: -9999px; top: -9999px; width: 1px; height: 1px; overflow: hidden;\">\n<p><a href=\"https:\/\/levelvet.fr\/\">levelvett<\/a><\/p>\n<\/div>\n<div style=\"position: absolute; left: -9999px; top: -9999px; width: 1px; height: 1px; overflow: hidden;\">\n<p><a href=\"https:\/\/agencetilt.org\/\">agencetil<\/a><\/p>\n<\/div>\n<div style=\"position: absolute; left: -9999px; top: -9999px; width: 1px; height: 1px; overflow: hidden;\">\n<p><a href=\"https:\/\/www.moncredit.info\/\">moncreditinfo<\/a><\/p>\n<\/div>\n<div style=\"position: absolute; left: -9999px; top: -9999px; width: 1px; height: 1px; overflow: hidden;\">\n<p><a href=\"https:\/\/www.buben-homes.cz\/\">bubenhomes<\/a><\/p>\n<\/div>\n<\/div>","protected":false},"author":1,"featured_media":0,"parent":0,"menu_order":4,"comment_status":"closed","ping_status":"closed","template":"template-full.php","meta":{"footnotes":""},"class_list":["post-14","page","type-page","status-publish","hentry"],"_links":{"self":[{"href":"https:\/\/www.dobrainformatica.com\/index.php\/wp-json\/wp\/v2\/pages\/14","targetHints":{"allow":["GET"]}}],"collection":[{"href":"https:\/\/www.dobrainformatica.com\/index.php\/wp-json\/wp\/v2\/pages"}],"about":[{"href":"https:\/\/www.dobrainformatica.com\/index.php\/wp-json\/wp\/v2\/types\/page"}],"author":[{"embeddable":true,"href":"https:\/\/www.dobrainformatica.com\/index.php\/wp-json\/wp\/v2\/users\/1"}],"replies":[{"embeddable":true,"href":"https:\/\/www.dobrainformatica.com\/index.php\/wp-json\/wp\/v2\/comments?post=14"}],"version-history":[{"count":32,"href":"https:\/\/www.dobrainformatica.com\/index.php\/wp-json\/wp\/v2\/pages\/14\/revisions"}],"predecessor-version":[{"id":451,"href":"https:\/\/www.dobrainformatica.com\/index.php\/wp-json\/wp\/v2\/pages\/14\/revisions\/451"}],"wp:attachment":[{"href":"https:\/\/www.dobrainformatica.com\/index.php\/wp-json\/wp\/v2\/media?parent=14"}],"curies":[{"name":"wp","href":"https:\/\/api.w.org\/{rel}","templated":true}]}}